{"id":2798,"date":"2020-12-28T02:57:22","date_gmt":"2020-12-28T01:57:22","guid":{"rendered":"https:\/\/espol.com.pl\/?page_id=2798"},"modified":"2023-10-17T15:35:26","modified_gmt":"2023-10-17T13:35:26","slug":"oferta-dla-firm","status":"publish","type":"page","link":"https:\/\/espol.com.pl\/?page_id=2798","title":{"rendered":"Oferta dla Firm"},"content":{"rendered":"\t\t<div data-elementor-type=\"wp-page\" data-elementor-id=\"2798\" class=\"elementor elementor-2798\" data-elementor-settings=\"[]\">\n\t\t\t\t\t\t<div class=\"elementor-inner\">\n\t\t\t\t\t\t\t<div class=\"elementor-section-wrap\">\n\t\t\t\t\t\t\t<section class=\"elementor-section elementor-top-section elementor-element elementor-element-a45b8f3 elementor-section-stretched elementor-section-boxed elementor-section-height-default elementor-section-height-default\" data-id=\"a45b8f3\" data-element_type=\"section\" data-settings=\"{&quot;stretch_section&quot;:&quot;section-stretched&quot;}\">\n\t\t\t\t\t\t<div class=\"elementor-container elementor-column-gap-no\">\n\t\t\t\t\t\t\t<div class=\"elementor-row\">\n\t\t\t\t\t<div class=\"elementor-column elementor-col-100 elementor-top-column elementor-element elementor-element-97dcc6d\" data-id=\"97dcc6d\" data-element_type=\"column\">\n\t\t\t<div class=\"elementor-column-wrap elementor-element-populated\">\n\t\t\t\t\t\t\t<div class=\"elementor-widget-wrap\">\n\t\t\t\t\t\t<div class=\"elementor-element elementor-element-6c35efe4 elementor-grid-2 elementor-grid-tablet-2 elementor-grid-mobile-1 elementor-widget elementor-widget-gyan_services_full_text\" data-id=\"6c35efe4\" data-element_type=\"widget\" data-settings=\"{&quot;columns&quot;:&quot;2&quot;,&quot;columns_tablet&quot;:&quot;2&quot;,&quot;columns_mobile&quot;:&quot;1&quot;}\" data-widget_type=\"gyan_services_full_text.default\">\n\t\t\t\t<div class=\"elementor-widget-container\">\n\t\t\t\n\t\t<div class=\"gyan-services-full-container gyan-services-full-container-6c35efe4\" data-layout=\"grid\" data-rtl=\"false\">\n\n\t\t\t<div class=\"gyan-services-full-items gyan-elementor-grid\">\n\n\t\t\t\t\n\t\t\t\t\t<div class=\"gyan-service-full-item gyan-grid-item-wrap\">\n\t\t\t\t\t\t<div class=\"gyan-services-full gyan-grid-item gyan-ease-transition\">\n\t\t\t\t\t\t\t<div class=\"gyan-services-full-img\"><img src=\"https:\/\/espol.com.pl\/wp-content\/uploads\/2020\/12\/securityweb.jpg\" alt=\"\"><\/div><div class=\"gyan-services-full-content\"><div class=\"gyan-services-full-icon-wrap\"><div class=\"gyan-services-full-icon gyan-icon\"><img src=\"https:\/\/espol.com.pl\/wp-content\/uploads\/2020\/12\/world-grid-1.png\" alt=\"\"><\/div><\/div><div class=\"gyan-services-full-title-desc\"><h6 class=\"gyan-services-full-title\"><a href=\"https:\/\/espol.com.pl\/?page_id=2788\" class=\"gyan-service-full-link\">FlowMon<\/a><\/h6><div class=\"gyan-services-full-desc\">Uzupe\u0142nienie bezpiecze\u0144stwa<\/div><\/div><a href=\"https:\/\/espol.com.pl\/?page_id=2788\" class=\"gyan-service-full-link gyan-services-full-button gyan-ease-transition gyan-flex\"><span class=\"gyan-services-full-button-text\">Sprawd\u017a teraz!<\/span><span class=\"gyan-services-full-button-arrow\"><\/span><\/a><\/div>\t\t\t\t\t\t<\/div>\n\t\t\t\t\t<\/div>\n\n\t\t\t\t \n\t\t\t\t\t<div class=\"gyan-service-full-item gyan-grid-item-wrap\">\n\t\t\t\t\t\t<div class=\"gyan-services-full gyan-grid-item gyan-ease-transition\">\n\t\t\t\t\t\t\t<div class=\"gyan-services-full-img\"><img src=\"https:\/\/espol.com.pl\/wp-content\/uploads\/2020\/12\/shutterstock_1095422036-scaled.jpg\" alt=\"\"><\/div><div class=\"gyan-services-full-content\"><div class=\"gyan-services-full-icon-wrap\"><div class=\"gyan-services-full-icon gyan-icon\"><img src=\"https:\/\/espol.com.pl\/wp-content\/uploads\/2020\/12\/world-grid-1.png\" alt=\"\"><\/div><\/div><div class=\"gyan-services-full-title-desc\"><h6 class=\"gyan-services-full-title\"><a href=\"https:\/\/espol.com.pl\/?page_id=2793\" class=\"gyan-service-full-link\">Fortinet<\/a><\/h6><div class=\"gyan-services-full-desc\">Nowa oferta bezpiecze\u0144stwa sieci<\/div><\/div><a href=\"https:\/\/espol.com.pl\/?page_id=2793\" class=\"gyan-service-full-link gyan-services-full-button gyan-ease-transition gyan-flex\"><span class=\"gyan-services-full-button-text\">Sprawd\u017a teraz!<\/span><span class=\"gyan-services-full-button-arrow\"><\/span><\/a><\/div>\t\t\t\t\t\t<\/div>\n\t\t\t\t\t<\/div>\n\n\t\t\t\t \n\t\t\t <\/div> <!-- gyan-services-full-items -->\n\t\t\t <div class=\"clear\"><\/div>\n\n\t\t<\/div>\n\n\t\t\t<\/div>\n\t\t\t\t<\/div>\n\t\t\t\t\t\t<\/div>\n\t\t\t\t\t<\/div>\n\t\t<\/div>\n\t\t\t\t\t\t\t\t<\/div>\n\t\t\t\t\t<\/div>\n\t\t<\/section>\n\t\t\t\t\t\t<\/div>\n\t\t\t\t\t\t<\/div>\n\t\t\t\t\t<\/div>\n\t\t","protected":false},"excerpt":{"rendered":"<p>FlowMon Uzupe\u0142nienie bezpiecze\u0144stwaSprawd\u017a teraz! Fortinet Nowa oferta bezpiecze\u0144stwa sieciSprawd\u017a teraz!<\/p>\n","protected":false},"author":4,"featured_media":0,"parent":0,"menu_order":0,"comment_status":"closed","ping_status":"closed","template":"elementor_header_footer","meta":[],"_links":{"self":[{"href":"https:\/\/espol.com.pl\/index.php?rest_route=\/wp\/v2\/pages\/2798"}],"collection":[{"href":"https:\/\/espol.com.pl\/index.php?rest_route=\/wp\/v2\/pages"}],"about":[{"href":"https:\/\/espol.com.pl\/index.php?rest_route=\/wp\/v2\/types\/page"}],"author":[{"embeddable":true,"href":"https:\/\/espol.com.pl\/index.php?rest_route=\/wp\/v2\/users\/4"}],"replies":[{"embeddable":true,"href":"https:\/\/espol.com.pl\/index.php?rest_route=%2Fwp%2Fv2%2Fcomments&post=2798"}],"version-history":[{"count":13,"href":"https:\/\/espol.com.pl\/index.php?rest_route=\/wp\/v2\/pages\/2798\/revisions"}],"predecessor-version":[{"id":3700,"href":"https:\/\/espol.com.pl\/index.php?rest_route=\/wp\/v2\/pages\/2798\/revisions\/3700"}],"wp:attachment":[{"href":"https:\/\/espol.com.pl\/index.php?rest_route=%2Fwp%2Fv2%2Fmedia&parent=2798"}],"curies":[{"name":"wp","href":"https:\/\/api.w.org\/{rel}","templated":true}]}}