{"id":2796,"date":"2020-12-28T02:57:22","date_gmt":"2020-12-28T01:57:22","guid":{"rendered":"https:\/\/espol.com.pl\/?page_id=2796"},"modified":"2021-12-17T18:43:53","modified_gmt":"2021-12-17T17:43:53","slug":"o-nas","status":"publish","type":"page","link":"https:\/\/espol.com.pl\/?page_id=2796","title":{"rendered":"O nas"},"content":{"rendered":"\t\t<div data-elementor-type=\"wp-page\" data-elementor-id=\"2796\" class=\"elementor elementor-2796\" data-elementor-settings=\"[]\">\n\t\t\t\t\t\t<div class=\"elementor-inner\">\n\t\t\t\t\t\t\t<div class=\"elementor-section-wrap\">\n\t\t\t\t\t\t\t<section class=\"elementor-section elementor-top-section elementor-element elementor-element-31e82332 elementor-section-stretched elementor-section-boxed elementor-section-height-default elementor-section-height-default\" data-id=\"31e82332\" data-element_type=\"section\" data-settings=\"{&quot;stretch_section&quot;:&quot;section-stretched&quot;,&quot;background_background&quot;:&quot;classic&quot;}\">\n\t\t\t\t\t\t\t<div class=\"elementor-background-overlay\"><\/div>\n\t\t\t\t\t\t\t<div class=\"elementor-container elementor-column-gap-no\">\n\t\t\t\t\t\t\t<div class=\"elementor-row\">\n\t\t\t\t\t<div class=\"elementor-column elementor-col-100 elementor-top-column elementor-element elementor-element-798f6e0f\" data-id=\"798f6e0f\" data-element_type=\"column\">\n\t\t\t<div class=\"elementor-column-wrap elementor-element-populated\">\n\t\t\t\t\t\t\t<div class=\"elementor-widget-wrap\">\n\t\t\t\t\t\t<section class=\"elementor-section elementor-inner-section elementor-element elementor-element-1ac58d8e elementor-section-boxed elementor-section-height-default elementor-section-height-default\" data-id=\"1ac58d8e\" data-element_type=\"section\">\n\t\t\t\t\t\t<div class=\"elementor-container elementor-column-gap-no\">\n\t\t\t\t\t\t\t<div class=\"elementor-row\">\n\t\t\t\t\t<div class=\"elementor-column elementor-col-50 elementor-inner-column elementor-element elementor-element-79e1b852\" data-id=\"79e1b852\" data-element_type=\"column\">\n\t\t\t<div class=\"elementor-column-wrap elementor-element-populated\">\n\t\t\t\t\t\t\t<div class=\"elementor-widget-wrap\">\n\t\t\t\t\t\t<div class=\"elementor-element elementor-element-172b71bb gyan-title-st-line-after gyan-title-desc-left elementor-widget elementor-widget-gyan_title\" data-id=\"172b71bb\" data-element_type=\"widget\" data-widget_type=\"gyan_title.default\">\n\t\t\t\t<div class=\"elementor-widget-container\">\n\t\t\t\t\t<div class=\"gyan-title\">\r\n\t\t\t<div class=\"gyan-title-subtitle\"><span>ESPOL<\/span><\/div><h2 class=\"gyan-title-heading\">Firma Espol istnieje na rynku informatycznym od ponad 25 lat.<\/h2><div class=\"gyan-title-desc\">Rozpoczynali\u015bmy swoj\u0105 dzia\u0142alno\u015b\u0107 od obs\u0142ugi informatycznej bank\u00f3w, szk\u00f3\u0142, szpitali, urz\u0119d\u00f3w administracji pa\u0144stwowej, firm prywatnych, a tak\u017ce zak\u0142ad\u00f3w przemys\u0142owych.  <\/br> Odpowiadaj\u0105c na rosn\u0105ce potrzeby rynku, rozpocz\u0119li\u015bmy \u015bwiadczenie us\u0142ug dost\u0119pu do internetu oraz telefonii stacjonarnej. <\/br> W 2008 roku jako pierwsi w Polsce wprowadzili\u015bmy w ramach us\u0142ugi Triple Play - zaawansowan\u0105 technologicznie interaktywn\u0105 cyfrow\u0105 platform\u0119 do dystrybucji tre\u015bci multimedialnych - Platform\u0119 Espol HDTV. <\/br>W 2010 roku stworzyli\u015bmy now\u0105 mark\u0119 eWi, kt\u00f3ra oferuje nielimitowany szerokopasmowy dost\u0119p do sieci Internet i do us\u0142ug telefonicznych. Wykorzystuj\u0105c bezprzewodow\u0105 nowoczesn\u0105 technologi\u0119 LTE  oraz WiMAX 802.16e. <\/br> <b> Docieramy nawet do takich miejsc, gdzie dot\u0105d nie by\u0142o dost\u0119pu do us\u0142ug telekomunikacyjnych. <\/b><\/div>\t\t<\/div>\r\n\t\t\t\t<\/div>\n\t\t\t\t<\/div>\n\t\t\t\t<div class=\"elementor-element elementor-element-12d5aa2f elementor-widget elementor-widget-heading\" data-id=\"12d5aa2f\" data-element_type=\"widget\" data-widget_type=\"heading.default\">\n\t\t\t\t<div class=\"elementor-widget-container\">\n\t\t\t<h2 class=\"elementor-heading-title elementor-size-default\">Obecnie, dzi\u0119ki dynamicznemu rozwojowi, jeste\u015bmy jednym z najwi\u0119kszych operator\u00f3w na terenie Pomorza Zachodniego.<\/h2>\t\t<\/div>\n\t\t\t\t<\/div>\n\t\t\t\t<div class=\"elementor-element elementor-element-34540a16 elementor-widget elementor-widget-text-editor\" data-id=\"34540a16\" data-element_type=\"widget\" data-widget_type=\"text-editor.default\">\n\t\t\t\t<div class=\"elementor-widget-container\">\n\t\t\t\t\t\t\t\t<div class=\"elementor-text-editor elementor-clearfix\">\n\t\t\t\tUdost\u0119pniamy \u0142\u0105cza do internetu oraz us\u0142ugi telefoniczne kilkunastu tysi\u0105com klient\u00f3w indywidualnych oraz firmom na terenie naszego wojew\u00f3dztwa. <\/br>Stale powi\u0119kszamy ilo\u015b\u0107 odbiorc\u00f3w zar\u00f3wno na w\u0142asnym rynku jak r\u00f3wnie\u017c w pozosta\u0142ej cz\u0119\u015bci kraju przy wsp\u00f3\u0142pracy operator\u00f3w sieci internetowych z ca\u0142ej Polski.\t\t\t\t\t<\/div>\n\t\t\t\t\t\t<\/div>\n\t\t\t\t<\/div>\n\t\t\t\t<div class=\"elementor-element elementor-element-28698eb4 elementor-widget elementor-widget-heading\" data-id=\"28698eb4\" data-element_type=\"widget\" data-widget_type=\"heading.default\">\n\t\t\t\t<div class=\"elementor-widget-container\">\n\t\t\t<h2 class=\"elementor-heading-title elementor-size-default\">Staramy si\u0119, aby nasza oferta by\u0142a nie tylko optymalna cenowo, lecz r\u00f3wnie\u017c reprezentowa\u0142a najwy\u017cszy poziom techniczny. <\/h2>\t\t<\/div>\n\t\t\t\t<\/div>\n\t\t\t\t<div class=\"elementor-element elementor-element-4e16b3bd elementor-widget elementor-widget-text-editor\" data-id=\"4e16b3bd\" data-element_type=\"widget\" data-widget_type=\"text-editor.default\">\n\t\t\t\t<div class=\"elementor-widget-container\">\n\t\t\t\t\t\t\t\t<div class=\"elementor-text-editor elementor-clearfix\">\n\t\t\t\tZapewniamy go, wsp\u00f3\u0142pracuj\u0105c z czo\u0142owymi operatorami internetu w Polsce.\n\n<\/br>\n\nNasze dzia\u0142y: sieci komputerowych, serwisowy oraz bie\u017c\u0105cego monitoringu transmisji danych nieustannie czuwaj\u0105 nad prawid\u0142owym dzia\u0142aniem i wysok\u0105 jako\u015bci\u0105 oferowanych us\u0142ug.\t\t\t\t\t<\/div>\n\t\t\t\t\t\t<\/div>\n\t\t\t\t<\/div>\n\t\t\t\t<div class=\"elementor-element elementor-element-16a6e950 elementor-widget elementor-widget-button\" data-id=\"16a6e950\" data-element_type=\"widget\" data-widget_type=\"button.default\">\n\t\t\t\t<div class=\"elementor-widget-container\">\n\t\t\t\t\t<div class=\"elementor-button-wrapper\">\n\t\t\t<a href=\"https:\/\/espol.com.pl\/?page_id=2795\" class=\"elementor-button-link elementor-button elementor-size-sm\" role=\"button\">\n\t\t\t\t\t\t<span class=\"elementor-button-content-wrapper\">\n\t\t\t\t\t\t<span class=\"elementor-button-text\">Skontaktuj si\u0119 z nami!<\/span>\n\t\t<\/span>\n\t\t\t\t\t<\/a>\n\t\t<\/div>\n\t\t\t\t<\/div>\n\t\t\t\t<\/div>\n\t\t\t\t<div class=\"elementor-element elementor-element-34098c04 elementor-widget elementor-widget-image\" data-id=\"34098c04\" data-element_type=\"widget\" data-widget_type=\"image.default\">\n\t\t\t\t<div class=\"elementor-widget-container\">\n\t\t\t\t\t\t\t\t<div class=\"elementor-image\">\n\t\t\t\t\t\t\t\t\t\t\t\t<img width=\"224\" height=\"189\" src=\"https:\/\/espol.com.pl\/wp-content\/uploads\/2020\/02\/about-dot-curve.jpg\" class=\"attachment-large size-large\" alt=\"\" loading=\"lazy\" \/>\t\t\t\t\t\t\t\t\t\t\t\t\t\t<\/div>\n\t\t\t\t\t\t<\/div>\n\t\t\t\t<\/div>\n\t\t\t\t\t\t<\/div>\n\t\t\t\t\t<\/div>\n\t\t<\/div>\n\t\t\t\t<div class=\"elementor-column elementor-col-50 elementor-inner-column elementor-element elementor-element-4803081c\" data-id=\"4803081c\" data-element_type=\"column\">\n\t\t\t<div class=\"elementor-column-wrap elementor-element-populated\">\n\t\t\t\t\t\t\t<div class=\"elementor-widget-wrap\">\n\t\t\t\t\t\t<div class=\"elementor-element elementor-element-1ff6e9a7 elementor-widget elementor-widget-image\" data-id=\"1ff6e9a7\" data-element_type=\"widget\" data-widget_type=\"image.default\">\n\t\t\t\t<div class=\"elementor-widget-container\">\n\t\t\t\t\t\t\t\t<div class=\"elementor-image\">\n\t\t\t\t\t\t\t\t\t\t\t\t<img width=\"707\" height=\"819\" src=\"https:\/\/espol.com.pl\/wp-content\/uploads\/2020\/03\/about-welcome.jpg\" class=\"attachment-full size-full\" alt=\"\" loading=\"lazy\" srcset=\"https:\/\/espol.com.pl\/wp-content\/uploads\/2020\/03\/about-welcome.jpg 707w, https:\/\/espol.com.pl\/wp-content\/uploads\/2020\/03\/about-welcome-259x300.jpg 259w\" sizes=\"(max-width: 707px) 100vw, 707px\" \/>\t\t\t\t\t\t\t\t\t\t\t\t\t\t<\/div>\n\t\t\t\t\t\t<\/div>\n\t\t\t\t<\/div>\n\t\t\t\t<div class=\"elementor-element elementor-element-c08f4f3 elementor-widget elementor-widget-image\" data-id=\"c08f4f3\" data-element_type=\"widget\" data-widget_type=\"image.default\">\n\t\t\t\t<div class=\"elementor-widget-container\">\n\t\t\t\t\t\t\t\t<div class=\"elementor-image\">\n\t\t\t\t\t\t\t\t\t\t\t\t<img width=\"670\" height=\"520\" src=\"https:\/\/espol.com.pl\/wp-content\/uploads\/2020\/02\/5-670x520.jpg\" class=\"attachment-swm_image_size_square size-swm_image_size_square\" alt=\"\" loading=\"lazy\" \/>\t\t\t\t\t\t\t\t\t\t\t\t\t\t<\/div>\n\t\t\t\t\t\t<\/div>\n\t\t\t\t<\/div>\n\t\t\t\t\t\t<\/div>\n\t\t\t\t\t<\/div>\n\t\t<\/div>\n\t\t\t\t\t\t\t\t<\/div>\n\t\t\t\t\t<\/div>\n\t\t<\/section>\n\t\t\t\t\t\t<\/div>\n\t\t\t\t\t<\/div>\n\t\t<\/div>\n\t\t\t\t\t\t\t\t<\/div>\n\t\t\t\t\t<\/div>\n\t\t<\/section>\n\t\t\t\t<section class=\"elementor-section elementor-top-section elementor-element elementor-element-74e20642 elementor-section-stretched elementor-section-boxed elementor-section-height-default elementor-section-height-default\" data-id=\"74e20642\" data-element_type=\"section\" data-settings=\"{&quot;stretch_section&quot;:&quot;section-stretched&quot;}\">\n\t\t\t\t\t\t<div class=\"elementor-container elementor-column-gap-no\">\n\t\t\t\t\t\t\t<div class=\"elementor-row\">\n\t\t\t\t\t<div class=\"elementor-column elementor-col-100 elementor-top-column elementor-element elementor-element-5742db29\" data-id=\"5742db29\" data-element_type=\"column\">\n\t\t\t<div class=\"elementor-column-wrap elementor-element-populated\">\n\t\t\t\t\t\t\t<div class=\"elementor-widget-wrap\">\n\t\t\t\t\t\t<section class=\"elementor-section elementor-inner-section elementor-element elementor-element-5d404ea7 elementor-section-boxed elementor-section-height-default elementor-section-height-default\" data-id=\"5d404ea7\" data-element_type=\"section\" data-settings=\"{&quot;background_background&quot;:&quot;classic&quot;}\">\n\t\t\t\t\t\t<div class=\"elementor-container elementor-column-gap-no\">\n\t\t\t\t\t\t\t<div class=\"elementor-row\">\n\t\t\t\t\t<div class=\"elementor-column elementor-col-50 elementor-inner-column elementor-element elementor-element-27717822\" data-id=\"27717822\" data-element_type=\"column\">\n\t\t\t<div class=\"elementor-column-wrap elementor-element-populated\">\n\t\t\t\t\t\t\t<div class=\"elementor-widget-wrap\">\n\t\t\t\t\t\t<div class=\"elementor-element elementor-element-312e4c87 gyan-title-st-line-after elementor-widget elementor-widget-gyan_title\" data-id=\"312e4c87\" data-element_type=\"widget\" data-widget_type=\"gyan_title.default\">\n\t\t\t\t<div class=\"elementor-widget-container\">\n\t\t\t\t\t<div class=\"gyan-title\">\r\n\t\t\t<div class=\"gyan-title-subtitle\"><span>Pytania i odpowiedzi<\/span><\/div><h2 class=\"gyan-title-heading\">Najcz\u0119\u015bciej zadawane pytania<\/h2>\t\t<\/div>\r\n\t\t\t\t<\/div>\n\t\t\t\t<\/div>\n\t\t\t\t\t\t<\/div>\n\t\t\t\t\t<\/div>\n\t\t<\/div>\n\t\t\t\t<div class=\"elementor-column elementor-col-50 elementor-inner-column elementor-element elementor-element-7ee8a07d\" data-id=\"7ee8a07d\" data-element_type=\"column\">\n\t\t\t<div class=\"elementor-column-wrap elementor-element-populated\">\n\t\t\t\t\t\t\t<div class=\"elementor-widget-wrap\">\n\t\t\t\t\t\t<div class=\"elementor-element elementor-element-3bb09aa6 elementor-widget elementor-widget-text-editor\" data-id=\"3bb09aa6\" data-element_type=\"widget\" data-widget_type=\"text-editor.default\">\n\t\t\t\t<div class=\"elementor-widget-container\">\n\t\t\t\t\t\t\t\t<div class=\"elementor-text-editor elementor-clearfix\">\n\t\t\t\t\t\t\t\t\t<\/div>\n\t\t\t\t\t\t<\/div>\n\t\t\t\t<\/div>\n\t\t\t\t\t\t<\/div>\n\t\t\t\t\t<\/div>\n\t\t<\/div>\n\t\t\t\t\t\t\t\t<\/div>\n\t\t\t\t\t<\/div>\n\t\t<\/section>\n\t\t\t\t\t\t<\/div>\n\t\t\t\t\t<\/div>\n\t\t<\/div>\n\t\t\t\t\t\t\t\t<\/div>\n\t\t\t\t\t<\/div>\n\t\t<\/section>\n\t\t\t\t<section class=\"elementor-section elementor-top-section elementor-element elementor-element-26697703 elementor-section-stretched elementor-section-boxed elementor-section-height-default elementor-section-height-default\" data-id=\"26697703\" data-element_type=\"section\" data-settings=\"{&quot;stretch_section&quot;:&quot;section-stretched&quot;,&quot;background_background&quot;:&quot;classic&quot;}\">\n\t\t\t\t\t\t<div class=\"elementor-container elementor-column-gap-no\">\n\t\t\t\t\t\t\t<div class=\"elementor-row\">\n\t\t\t\t\t<div class=\"elementor-column elementor-col-100 elementor-top-column elementor-element elementor-element-5496d9e6\" data-id=\"5496d9e6\" data-element_type=\"column\">\n\t\t\t<div class=\"elementor-column-wrap elementor-element-populated\">\n\t\t\t\t\t\t\t<div class=\"elementor-widget-wrap\">\n\t\t\t\t\t\t<section class=\"elementor-section elementor-inner-section elementor-element elementor-element-6527ce5a elementor-section-full_width elementor-section-height-default elementor-section-height-default\" data-id=\"6527ce5a\" data-element_type=\"section\">\n\t\t\t\t\t\t<div class=\"elementor-container elementor-column-gap-no\">\n\t\t\t\t\t\t\t<div class=\"elementor-row\">\n\t\t\t\t\t<div class=\"elementor-column elementor-col-50 elementor-inner-column elementor-element elementor-element-a008d67\" data-id=\"a008d67\" data-element_type=\"column\">\n\t\t\t<div class=\"elementor-column-wrap elementor-element-populated\">\n\t\t\t\t\t\t\t<div class=\"elementor-widget-wrap\">\n\t\t\t\t\t\t<div class=\"elementor-element elementor-element-4b33b247 elementor-widget elementor-widget-gyan_accordion\" data-id=\"4b33b247\" data-element_type=\"widget\" data-settings=\"{&quot;accordion_type&quot;:&quot;accordion&quot;,&quot;toggle_speed&quot;:300}\" data-widget_type=\"gyan_accordion.default\">\n\t\t\t\t<div class=\"elementor-widget-container\">\n\t\t\t        <div class=\"gyan-accordion\" id=\"gyan-accordion-4b33b247\" data-accordion-id=\"4b33b247\">\r\n                        <div class=\"gyan-accordion-item\">\r\n\r\n                <div id=\"gyan-accordion-tab-title-1261\" class=\"gyan-accordion-tab-title gyan-accordion-tab-active-default\" tabindex=\"1261\" data-tab=\"1\" role=\"tab\" aria-controls=\"gyan-accordion-tab-content-1261\">\r\n                    <span class=\"gyan-accordion-title-icon\">\r\n                        <span class=\"gyan-accordion-title-text\">\r\n                            Na jaki numer konta mam wp\u0142aci\u0107 pieni\u0105dze?                        <\/span>\r\n                    <\/span>\r\n                                            <div class=\"gyan-accordion-toggle-icon\">\r\n                                                            <span class=\"gyan-accordion-toggle-icon gyan-accordion-toggle-icon-close gyan-icon\"><i aria-hidden=\"true\" class=\"fas fa-chevron-down\"><\/i><\/span>\r\n                                                                                        <span class=\"gyan-accordion-toggle-icon gyan-accordion-toggle-icon-open gyan-icon\"><i aria-hidden=\"true\" class=\"fas fa-chevron-up\"><\/i><\/span>\r\n                                                    <\/div>\r\n                                    <\/div>\r\n\r\n                <div id=\"gyan-accordion-tab-content-1261\" class=\"gyan-accordion-tab-content gyan-accordion-tab-active-default\" data-tab=\"1\" role=\"tabpanel\" aria-labelledby=\"gyan-accordion-tab-title-1261\">\r\n                    Ka\u017cdy Klient posiada indywidualny numer konta do wp\u0142at. \nProsimy o sprawdzenie numeru na umowie lub o kontakt z infolini\u0105.                <\/div>\r\n\r\n            <\/div>\r\n                        <div class=\"gyan-accordion-item\">\r\n\r\n                <div id=\"gyan-accordion-tab-title-1262\" class=\"gyan-accordion-tab-title\" tabindex=\"1262\" data-tab=\"2\" role=\"tab\" aria-controls=\"gyan-accordion-tab-content-1262\">\r\n                    <span class=\"gyan-accordion-title-icon\">\r\n                        <span class=\"gyan-accordion-title-text\">\r\n                            Na jaki numer konta mam wp\u0142aci\u0107 pieni\u0105dze?                        <\/span>\r\n                    <\/span>\r\n                                            <div class=\"gyan-accordion-toggle-icon\">\r\n                                                            <span class=\"gyan-accordion-toggle-icon gyan-accordion-toggle-icon-close gyan-icon\"><i aria-hidden=\"true\" class=\"fas fa-chevron-down\"><\/i><\/span>\r\n                                                                                        <span class=\"gyan-accordion-toggle-icon gyan-accordion-toggle-icon-open gyan-icon\"><i aria-hidden=\"true\" class=\"fas fa-chevron-up\"><\/i><\/span>\r\n                                                    <\/div>\r\n                                    <\/div>\r\n\r\n                <div id=\"gyan-accordion-tab-content-1262\" class=\"gyan-accordion-tab-content\" data-tab=\"2\" role=\"tabpanel\" aria-labelledby=\"gyan-accordion-tab-title-1262\">\r\n                    Ka\u017cdy Klient posiada indywidualny numer konta do wp\u0142at. \nProsimy o sprawdzenie numeru na umowie lub o kontakt z infolini\u0105.                <\/div>\r\n\r\n            <\/div>\r\n                    <\/div>\r\n\t\t\t<\/div>\n\t\t\t\t<\/div>\n\t\t\t\t\t\t<\/div>\n\t\t\t\t\t<\/div>\n\t\t<\/div>\n\t\t\t\t<div class=\"elementor-column elementor-col-50 elementor-inner-column elementor-element elementor-element-6d7b1ffd\" data-id=\"6d7b1ffd\" data-element_type=\"column\">\n\t\t\t<div class=\"elementor-column-wrap elementor-element-populated\">\n\t\t\t\t\t\t\t<div class=\"elementor-widget-wrap\">\n\t\t\t\t\t\t<div class=\"elementor-element elementor-element-7db11635 elementor-widget elementor-widget-image\" data-id=\"7db11635\" data-element_type=\"widget\" data-widget_type=\"image.default\">\n\t\t\t\t<div class=\"elementor-widget-container\">\n\t\t\t\t\t\t\t\t<div class=\"elementor-image\">\n\t\t\t\t\t\t\t\t\t\t\t\t<img width=\"707\" height=\"694\" src=\"https:\/\/espol.com.pl\/wp-content\/uploads\/2020\/02\/about-faq.jpg\" class=\"attachment-large size-large\" alt=\"\" loading=\"lazy\" srcset=\"https:\/\/espol.com.pl\/wp-content\/uploads\/2020\/02\/about-faq.jpg 707w, https:\/\/espol.com.pl\/wp-content\/uploads\/2020\/02\/about-faq-300x294.jpg 300w\" sizes=\"(max-width: 707px) 100vw, 707px\" \/>\t\t\t\t\t\t\t\t\t\t\t\t\t\t<\/div>\n\t\t\t\t\t\t<\/div>\n\t\t\t\t<\/div>\n\t\t\t\t\t\t<\/div>\n\t\t\t\t\t<\/div>\n\t\t<\/div>\n\t\t\t\t\t\t\t\t<\/div>\n\t\t\t\t\t<\/div>\n\t\t<\/section>\n\t\t\t\t\t\t<\/div>\n\t\t\t\t\t<\/div>\n\t\t<\/div>\n\t\t\t\t\t\t\t\t<\/div>\n\t\t\t\t\t<\/div>\n\t\t<\/section>\n\t\t\t\t<section class=\"elementor-section elementor-top-section elementor-element elementor-element-bdb6df8 elementor-section-boxed elementor-section-height-default elementor-section-height-default\" data-id=\"bdb6df8\" data-element_type=\"section\">\n\t\t\t\t\t\t<div class=\"elementor-container elementor-column-gap-default\">\n\t\t\t\t\t\t\t<div class=\"elementor-row\">\n\t\t\t\t\t<div class=\"elementor-column elementor-col-100 elementor-top-column elementor-element elementor-element-b587d1a\" data-id=\"b587d1a\" data-element_type=\"column\">\n\t\t\t<div class=\"elementor-column-wrap elementor-element-populated\">\n\t\t\t\t\t\t\t<div class=\"elementor-widget-wrap\">\n\t\t\t\t\t\t<div class=\"elementor-element elementor-element-af1da74 elementor-widget elementor-widget-spacer\" data-id=\"af1da74\" data-element_type=\"widget\" data-widget_type=\"spacer.default\">\n\t\t\t\t<div class=\"elementor-widget-container\">\n\t\t\t\t\t<div class=\"elementor-spacer\">\n\t\t\t<div class=\"elementor-spacer-inner\"><\/div>\n\t\t<\/div>\n\t\t\t\t<\/div>\n\t\t\t\t<\/div>\n\t\t\t\t\t\t<\/div>\n\t\t\t\t\t<\/div>\n\t\t<\/div>\n\t\t\t\t\t\t\t\t<\/div>\n\t\t\t\t\t<\/div>\n\t\t<\/section>\n\t\t\t\t\t\t<\/div>\n\t\t\t\t\t\t<\/div>\n\t\t\t\t\t<\/div>\n\t\t","protected":false},"excerpt":{"rendered":"<p>ESPOL Firma Espol istnieje na rynku informatycznym od ponad 25 lat. Rozpoczynali\u015bmy swoj\u0105 dzia\u0142alno\u015b\u0107 od obs\u0142ugi informatycznej bank\u00f3w, szk\u00f3\u0142, szpitali, urz\u0119d\u00f3w administracji pa\u0144stwowej, firm prywatnych, a tak\u017ce zak\u0142ad\u00f3w przemys\u0142owych. Odpowiadaj\u0105c na rosn\u0105ce potrzeby rynku, rozpocz\u0119li\u015bmy \u015bwiadczenie us\u0142ug dost\u0119pu do internetu oraz telefonii stacjonarnej. W 2008 roku jako pierwsi w Polsce [&hellip;]<\/p>\n","protected":false},"author":4,"featured_media":0,"parent":0,"menu_order":0,"comment_status":"closed","ping_status":"closed","template":"elementor_header_footer","meta":[],"_links":{"self":[{"href":"https:\/\/espol.com.pl\/index.php?rest_route=\/wp\/v2\/pages\/2796"}],"collection":[{"href":"https:\/\/espol.com.pl\/index.php?rest_route=\/wp\/v2\/pages"}],"about":[{"href":"https:\/\/espol.com.pl\/index.php?rest_route=\/wp\/v2\/types\/page"}],"author":[{"embeddable":true,"href":"https:\/\/espol.com.pl\/index.php?rest_route=\/wp\/v2\/users\/4"}],"replies":[{"embeddable":true,"href":"https:\/\/espol.com.pl\/index.php?rest_route=%2Fwp%2Fv2%2Fcomments&post=2796"}],"version-history":[{"count":13,"href":"https:\/\/espol.com.pl\/index.php?rest_route=\/wp\/v2\/pages\/2796\/revisions"}],"predecessor-version":[{"id":3451,"href":"https:\/\/espol.com.pl\/index.php?rest_route=\/wp\/v2\/pages\/2796\/revisions\/3451"}],"wp:attachment":[{"href":"https:\/\/espol.com.pl\/index.php?rest_route=%2Fwp%2Fv2%2Fmedia&parent=2796"}],"curies":[{"name":"wp","href":"https:\/\/api.w.org\/{rel}","templated":true}]}}